{"id":103,"date":"2014-10-24T23:14:40","date_gmt":"2014-10-24T21:14:40","guid":{"rendered":"http:\/\/colobot.info\/wordpress\/?page_id=103"},"modified":"2023-05-24T20:35:50","modified_gmt":"2023-05-24T18:35:50","slug":"colobot-gold-edition","status":"publish","type":"page","link":"https:\/\/colobot.info\/pl\/colobot-gold-edition\/","title":{"rendered":"Colobot: Gold Edition"},"content":{"rendered":"<p><strong>Colobot: Gold Edition<\/strong> jest ulepszon\u0105 wersj\u0105 niedocenionej niegdy\u015b gry programistycznej Colobot, kt\u00f3rej kod \u017ar\u00f3d\u0142owy odziedziczyli\u015bmy po jedenastu latach od jej premiery. Nasze starania id\u0105 w kierunku rozwoju multiplatformowo\u015bci, modowalno\u015bci i oczywi\u015bcie &#8211; tak jak w przypadku orygina\u0142u wydanego przez <a href=\"http:\/\/www.epsitec.ch\/\">EPSITEC<\/a> &#8211; edukacyjnych aspekt\u00f3w tej niesamowitej gry.<\/p>\n<p>W planach mamy m.in. dopracowanie istniej\u0105cego silnika i ulepszenie grafiki, dodanie nowych funkcjonalno\u015bci do j\u0119zyka CBOT jak i struktury samej gry, oraz stworzenie nowych tryb\u00f3w rozgrywki, w tym multiplayera. Istniej\u0105ce ju\u017c dodatkowe tryby rozgrywki, jak kurs programowania oraz wyzwania programistyczne, r\u00f3wnie\u017c zostan\u0105 rozwini\u0119te i przystosowane do jak najefektywniejszej, a zarazem przyjemnej nauki.<\/p>\n<p>Obecnie Colobot: Gold Edition, w fazie <strong>alpha<\/strong>, dzia\u0142a na takich platformach jak PC Windows, GNU\/Linux oraz Mac OS, a dzi\u0119ki ci\u0105g\u0142emu rozwojowi i spodziewanym nap\u0142ywie ambitnych deweloper\u00f3w do <a href=\"http:\/\/colobot.info\/pl\/terranovateam\/\">TerranovaTeam<\/a>, rozwa\u017cymy wydanie mobilnej odmiany Colobota na system Android. Projekt rozwijamy na zasadach licencji GPLv3 i jest on ca\u0142kowicie non-profit.<\/p>\n<p>Mo\u017cesz pobra\u0107 aktualn\u0105 wersj\u0119 Colobot: Gold Edition <a href=\"http:\/\/colobot.info\/pl\/download-colobot-gold\/\">tutaj<\/a>. Je\u015bli chcesz pom\u00f3c, sprawd\u017a <a href=\"http:\/\/colobot.info\/pl\/terranovateam\/\">stron\u0119 po\u015bwi\u0119con\u0105 TerranovaTeam<\/a>.<\/p>\n<p>Trzeba podkre\u015bli\u0107, \u017ce Colobot: Gold Edition to tylko <strong>ulepszona wersja<\/strong> gry. \u017badne zaawansowane elementy takie jak nowe obiekty, kosmici, nowy j\u0119zyk programowania, i tak dalej, nie zostan\u0105 wprowadzone. Jednak\u017ce, gdy Colobot: Gold Edition zostanie sko\u0144czony, TerranovaTeam planuje stworzy\u0107 kolejne cz\u0119\u015bci (zaczynaj\u0105c od <a href=\"http:\/\/colobot.info\/wordpress\/pl\/colobot-2\/\">Colobot 2<\/a>).<\/p>","protected":false},"excerpt":{"rendered":"<p><strong>Colobot: Gold Edition<\/strong> jest ulepszon\u0105 wersj\u0105 niedocenionej niegdy\u015b gry programistycznej Colobot, kt\u00f3rej kod \u017ar\u00f3d\u0142owy odziedziczyli\u015bmy po jedenastu latach od jej premiery. Nasze starania id\u0105 w kierunku rozwoju multiplatformowo\u015bci, modowalno\u015bci i oczywi\u015bcie &#8211; tak jak w przypadku orygina\u0142u wydanego przez <a href=\"http:\/\/www.epsitec.ch\/\">EPSITEC<\/a> &#8211; edukacyjnych aspekt\u00f3w tej niesamowitej gry.<\/p>\n<p>W planach mamy m.in. dopracowanie istniej\u0105cego silnika i ulepszenie grafiki, dodanie nowych funkcjonalno\u015bci do j\u0119zyka CBOT jak i struktury samej gry, oraz stworzenie nowych tryb\u00f3w rozgrywki, w tym multiplayera. Istniej\u0105ce ju\u017c dodatkowe tryby rozgrywki, jak kurs programowania oraz wyzwania programistyczne, r\u00f3wnie\u017c zostan\u0105 rozwini\u0119te i przystosowane do jak najefektywniejszej, a zarazem przyjemnej nauki.<\/p>\n<p>Obecnie Colobot: Gold Edition, w fazie <strong>alpha<\/strong>, dzia\u0142a na takich platformach jak PC Windows, GNU\/Linux oraz Mac OS, a dzi\u0119ki ci\u0105g\u0142emu rozwojowi i spodziewanym nap\u0142ywie ambitnych deweloper\u00f3w do <a href=\"http:\/\/colobot.info\/pl\/terranovateam\/\">TerranovaTeam<\/a>, rozwa\u017cymy wydanie mobilnej odmiany Colobota na system Android. Projekt rozwijamy na zasadach licencji GPLv3 i jest on ca\u0142kowicie non-profit.<\/p>\n<p>Mo\u017cesz pobra\u0107 aktualn\u0105 wersj\u0119 Colobot: Gold Edition <a href=\"http:\/\/colobot.info\/pl\/download-colobot-gold\/\">tutaj<\/a>. Je\u015bli chcesz pom\u00f3c, sprawd\u017a <a href=\"http:\/\/colobot.info\/pl\/terranovateam\/\">stron\u0119 po\u015bwi\u0119con\u0105 TerranovaTeam<\/a>.<\/p>\n<p>Trzeba podkre\u015bli\u0107, \u017ce Colobot: Gold Edition to tylko <strong>ulepszona wersja<\/strong> gry. \u017badne zaawansowane elementy takie jak nowe obiekty, kosmici, nowy j\u0119zyk programowania, i tak dalej, nie zostan\u0105 wprowadzone. Jednak\u017ce, gdy Colobot: Gold Edition zostanie sko\u0144czony, TerranovaTeam planuje stworzy\u0107 kolejne cz\u0119\u015bci (zaczynaj\u0105c od <a href=\"http:\/\/colobot.info\/wordpress\/pl\/colobot-2\/\">Colobot 2<\/a>).<\/p>\n","protected":false},"author":1,"featured_media":0,"parent":0,"menu_order":0,"comment_status":"open","ping_status":"open","template":"","meta":{"cybocfi_hide_featured_image":"","footnotes":""},"class_list":["post-103","page","type-page","status-publish","hentry"],"_links":{"self":[{"href":"https:\/\/colobot.info\/pl\/wp-json\/wp\/v2\/pages\/103","targetHints":{"allow":["GET"]}}],"collection":[{"href":"https:\/\/colobot.info\/pl\/wp-json\/wp\/v2\/pages"}],"about":[{"href":"https:\/\/colobot.info\/pl\/wp-json\/wp\/v2\/types\/page"}],"author":[{"embeddable":true,"href":"https:\/\/colobot.info\/pl\/wp-json\/wp\/v2\/users\/1"}],"replies":[{"embeddable":true,"href":"https:\/\/colobot.info\/pl\/wp-json\/wp\/v2\/comments?post=103"}],"version-history":[{"count":14,"href":"https:\/\/colobot.info\/pl\/wp-json\/wp\/v2\/pages\/103\/revisions"}],"predecessor-version":[{"id":804,"href":"https:\/\/colobot.info\/pl\/wp-json\/wp\/v2\/pages\/103\/revisions\/804"}],"wp:attachment":[{"href":"https:\/\/colobot.info\/pl\/wp-json\/wp\/v2\/media?parent=103"}],"curies":[{"name":"wp","href":"https:\/\/api.w.org\/{rel}","templated":true}]}}