{"id":105,"date":"2014-10-24T23:15:00","date_gmt":"2014-10-24T21:15:00","guid":{"rendered":"http:\/\/colobot.info\/wordpress\/?page_id=105"},"modified":"2023-05-24T19:25:46","modified_gmt":"2023-05-24T17:25:46","slug":"colobot-2","status":"publish","type":"page","link":"https:\/\/colobot.info\/pl\/colobot-2\/","title":{"rendered":"Colobot 2"},"content":{"rendered":"<p><strong>Colobot 2<\/strong> b\u0119dzie kontynuacj\u0105 <a href=\"https:\/\/colobot.info\/learn-more\/\">oryginalnej gry<\/a>\u00a0stworzon\u0105 w ca\u0142o\u015bci przez <a href=\"http:\/\/colobot.info\/wordpress\/terranovateam\/\">TerranovaTeam<\/a>. Plan jest taki, aby do jej zbudowania wykorzysta\u0107 w pe\u0142ni zrefaktoryzowany silnik, na kt\u00f3rym dzia\u0142a <a href=\"https:\/\/colobot.info\/colobot-gold-edition\/\">Colobot: Gold Edition<\/a>.<\/p>\n<p>Prace nad kontynuacj\u0105 nie rusz\u0105 do zako\u0144czenia projektu Colobot: Gold Edition.<\/p>\n<p>Wszelkie dalsze szczeg\u00f3\u0142y dotycz\u0105ce naszych plan\u00f3w nie istniej\u0105 lub s\u0105 nieoficjalne.<\/p>","protected":false},"excerpt":{"rendered":"<p><strong>Colobot 2<\/strong> b\u0119dzie kontynuacj\u0105 <a href=\"https:\/\/colobot.info\/learn-more\/\">oryginalnej gry<\/a>\u00a0stworzon\u0105 w ca\u0142o\u015bci przez <a href=\"http:\/\/colobot.info\/wordpress\/terranovateam\/\">TerranovaTeam<\/a>. Plan jest taki, aby do jej zbudowania wykorzysta\u0107 w pe\u0142ni zrefaktoryzowany silnik, na kt\u00f3rym dzia\u0142a <a href=\"https:\/\/colobot.info\/colobot-gold-edition\/\">Colobot: Gold Edition<\/a>.<\/p>\n<p>Prace nad kontynuacj\u0105 nie rusz\u0105 do zako\u0144czenia projektu Colobot: Gold Edition.<\/p>\n<p>Wszelkie dalsze szczeg\u00f3\u0142y dotycz\u0105ce naszych plan\u00f3w nie istniej\u0105 lub s\u0105 nieoficjalne.<\/p>\n","protected":false},"author":1,"featured_media":0,"parent":0,"menu_order":0,"comment_status":"open","ping_status":"open","template":"","meta":{"cybocfi_hide_featured_image":"","footnotes":""},"class_list":["post-105","page","type-page","status-publish","hentry"],"_links":{"self":[{"href":"https:\/\/colobot.info\/pl\/wp-json\/wp\/v2\/pages\/105","targetHints":{"allow":["GET"]}}],"collection":[{"href":"https:\/\/colobot.info\/pl\/wp-json\/wp\/v2\/pages"}],"about":[{"href":"https:\/\/colobot.info\/pl\/wp-json\/wp\/v2\/types\/page"}],"author":[{"embeddable":true,"href":"https:\/\/colobot.info\/pl\/wp-json\/wp\/v2\/users\/1"}],"replies":[{"embeddable":true,"href":"https:\/\/colobot.info\/pl\/wp-json\/wp\/v2\/comments?post=105"}],"version-history":[{"count":5,"href":"https:\/\/colobot.info\/pl\/wp-json\/wp\/v2\/pages\/105\/revisions"}],"predecessor-version":[{"id":795,"href":"https:\/\/colobot.info\/pl\/wp-json\/wp\/v2\/pages\/105\/revisions\/795"}],"wp:attachment":[{"href":"https:\/\/colobot.info\/pl\/wp-json\/wp\/v2\/media?parent=105"}],"curies":[{"name":"wp","href":"https:\/\/api.w.org\/{rel}","templated":true}]}}