{"id":112,"date":"2014-10-24T23:21:01","date_gmt":"2014-10-24T21:21:01","guid":{"rendered":"http:\/\/colobot.info\/wordpress\/?page_id=112"},"modified":"2017-02-13T19:41:02","modified_gmt":"2017-02-13T18:41:02","slug":"license","status":"publish","type":"page","link":"https:\/\/colobot.info\/pl\/license\/","title":{"rendered":"Licencja"},"content":{"rendered":"<p>Licencja na jakiej zosta\u0142 wydany kod \u017ar\u00f3d\u0142owy gier <a href=\"http:\/\/www.epsitec.ch\/\">EPSITEC<\/a> (w tym <a href=\"http:\/\/colobot.info\/wordpress\/pl\/colobot-original\/\">Colobota<\/a>) i jaka jest u\u017cywana w projektach <a href=\"http:\/\/colobot.info\/wordpress\/pl\/terranovateam\/\">TerranovaTeam<\/a> to <a href=\"http:\/\/www.gnu.org\/copyleft\/gpl.html\">GPL<\/a>. Poni\u017cej znajduje si\u0119 jej tre\u015b\u0107, mo\u017cna te\u017c j\u0105 odczyta\u0107 <a href=\"https:\/\/docs.google.com\/document\/d\/1CT3vfIP-4odEEBa4-mwFvkQ856UZ7KHQIrduWglb2dk\/\">tutaj<\/a>.<\/p>\n<p><a href=\"https:\/\/colobot.info\/wordpress\/wp-content\/uploads\/epsitec-terranovateam-games-license-_hi-res_.png\"><img loading=\"lazy\" decoding=\"async\" src=\"https:\/\/colobot.info\/wordpress\/wp-content\/uploads\/epsitec-terranovateam-games-license-_hi-res_-748x1024.png\" alt=\"epsitec-terranovateam-games-license-_hi-res_\" width=\"600\" height=\"821\" class=\"alignnone size-large wp-image-470\" srcset=\"https:\/\/colobot.info\/wordpress\/wp-content\/uploads\/epsitec-terranovateam-games-license-_hi-res_-748x1024.png 748w, https:\/\/colobot.info\/wordpress\/wp-content\/uploads\/epsitec-terranovateam-games-license-_hi-res_-219x300.png 219w, https:\/\/colobot.info\/wordpress\/wp-content\/uploads\/epsitec-terranovateam-games-license-_hi-res_-768x1052.png 768w\" sizes=\"auto, (max-width: 600px) 100vw, 600px\" \/><\/a><\/p>","protected":false},"excerpt":{"rendered":"<p>Licencja na jakiej zosta\u0142 wydany kod \u017ar\u00f3d\u0142owy gier <a href=\"http:\/\/www.epsitec.ch\/\">EPSITEC<\/a> (w tym <a href=\"http:\/\/colobot.info\/wordpress\/pl\/colobot-original\/\">Colobota<\/a>) i jaka jest u\u017cywana w projektach <a href=\"http:\/\/colobot.info\/wordpress\/pl\/terranovateam\/\">TerranovaTeam<\/a> to <a href=\"http:\/\/www.gnu.org\/copyleft\/gpl.html\">GPL<\/a>. Poni\u017cej znajduje si\u0119 jej tre\u015b\u0107, mo\u017cna te\u017c j\u0105 odczyta\u0107 <a href=\"https:\/\/docs.google.com\/document\/d\/1CT3vfIP-4odEEBa4-mwFvkQ856UZ7KHQIrduWglb2dk\/\">tutaj<\/a>.<\/p>\n<p><a href=\"https:\/\/colobot.info\/wordpress\/wp-content\/uploads\/epsitec-terranovateam-games-license-_hi-res_.png\"><img loading=\"lazy\" decoding=\"async\" src=\"https:\/\/colobot.info\/wordpress\/wp-content\/uploads\/epsitec-terranovateam-games-license-_hi-res_-748x1024.png\" alt=\"epsitec-terranovateam-games-license-_hi-res_\" width=\"600\" height=\"821\" class=\"alignnone size-large wp-image-470\" srcset=\"https:\/\/colobot.info\/wordpress\/wp-content\/uploads\/epsitec-terranovateam-games-license-_hi-res_-748x1024.png 748w, https:\/\/colobot.info\/wordpress\/wp-content\/uploads\/epsitec-terranovateam-games-license-_hi-res_-219x300.png 219w, https:\/\/colobot.info\/wordpress\/wp-content\/uploads\/epsitec-terranovateam-games-license-_hi-res_-768x1052.png 768w\" sizes=\"auto, (max-width: 600px) 100vw, 600px\" \/><\/a><\/p>\n","protected":false},"author":1,"featured_media":0,"parent":0,"menu_order":0,"comment_status":"open","ping_status":"open","template":"","meta":{"cybocfi_hide_featured_image":"","footnotes":""},"class_list":["post-112","page","type-page","status-publish","hentry"],"_links":{"self":[{"href":"https:\/\/colobot.info\/pl\/wp-json\/wp\/v2\/pages\/112","targetHints":{"allow":["GET"]}}],"collection":[{"href":"https:\/\/colobot.info\/pl\/wp-json\/wp\/v2\/pages"}],"about":[{"href":"https:\/\/colobot.info\/pl\/wp-json\/wp\/v2\/types\/page"}],"author":[{"embeddable":true,"href":"https:\/\/colobot.info\/pl\/wp-json\/wp\/v2\/users\/1"}],"replies":[{"embeddable":true,"href":"https:\/\/colobot.info\/pl\/wp-json\/wp\/v2\/comments?post=112"}],"version-history":[{"count":24,"href":"https:\/\/colobot.info\/pl\/wp-json\/wp\/v2\/pages\/112\/revisions"}],"predecessor-version":[{"id":473,"href":"https:\/\/colobot.info\/pl\/wp-json\/wp\/v2\/pages\/112\/revisions\/473"}],"wp:attachment":[{"href":"https:\/\/colobot.info\/pl\/wp-json\/wp\/v2\/media?parent=112"}],"curies":[{"name":"wp","href":"https:\/\/api.w.org\/{rel}","templated":true}]}}