{"id":126,"date":"2014-10-25T23:51:46","date_gmt":"2014-10-25T21:51:46","guid":{"rendered":"http:\/\/colobot.info\/wordpress\/?page_id=126"},"modified":"2014-11-02T18:12:10","modified_gmt":"2014-11-02T17:12:10","slug":"download-page","status":"publish","type":"page","link":"https:\/\/colobot.info\/pl\/download-page\/","title":{"rendered":"Pobieranie"},"content":{"rendered":"<p>To jest nasza stara strona pobierania. Zostanie ona nied\u0142ugo napisana od nowa i b\u0119dzie wygl\u0105da\u0107 \u0142adniej.<br \/>\n<iframe src=\"http:\/\/colobot.info\/download\/list.php?lang=pl\" style=\"width: 100%; height: 100%;\"><\/iframe><\/p>","protected":false},"excerpt":{"rendered":"<p>To jest nasza stara strona pobierania. Zostanie ona nied\u0142ugo napisana od nowa i b\u0119dzie wygl\u0105da\u0107 \u0142adniej.<br \/>\n<iframe src=\"http:\/\/colobot.info\/download\/list.php?lang=pl\" style=\"width: 100%; height: 100%;\"><\/iframe><\/p>\n","protected":false},"author":1,"featured_media":0,"parent":0,"menu_order":0,"comment_status":"open","ping_status":"open","template":"","meta":{"cybocfi_hide_featured_image":"","footnotes":""},"class_list":["post-126","page","type-page","status-publish","hentry"],"_links":{"self":[{"href":"https:\/\/colobot.info\/pl\/wp-json\/wp\/v2\/pages\/126","targetHints":{"allow":["GET"]}}],"collection":[{"href":"https:\/\/colobot.info\/pl\/wp-json\/wp\/v2\/pages"}],"about":[{"href":"https:\/\/colobot.info\/pl\/wp-json\/wp\/v2\/types\/page"}],"author":[{"embeddable":true,"href":"https:\/\/colobot.info\/pl\/wp-json\/wp\/v2\/users\/1"}],"replies":[{"embeddable":true,"href":"https:\/\/colobot.info\/pl\/wp-json\/wp\/v2\/comments?post=126"}],"version-history":[{"count":3,"href":"https:\/\/colobot.info\/pl\/wp-json\/wp\/v2\/pages\/126\/revisions"}],"predecessor-version":[{"id":147,"href":"https:\/\/colobot.info\/pl\/wp-json\/wp\/v2\/pages\/126\/revisions\/147"}],"wp:attachment":[{"href":"https:\/\/colobot.info\/pl\/wp-json\/wp\/v2\/media?parent=126"}],"curies":[{"name":"wp","href":"https:\/\/api.w.org\/{rel}","templated":true}]}}