{"id":2,"date":"2014-10-18T19:38:52","date_gmt":"2014-10-18T19:38:52","guid":{"rendered":"http:\/\/colobot.info\/wordpress\/?page_id=2"},"modified":"2016-02-01T17:44:10","modified_gmt":"2016-02-01T16:44:10","slug":"learn-more","status":"publish","type":"page","link":"https:\/\/colobot.info\/pl\/dowiedz-sie-wiecej\/","title":{"rendered":"Dowiedz si\u0119 wi\u0119cej"},"content":{"rendered":"<p><strong><a href=\"http:\/\/colobot.info\/pl\/colobot\" title=\"Colobot\">Colobot<\/a><\/strong> to strategia czasu rzeczywistego. Chocia\u017c ni\u0105 nie jest&#8230;<\/p>\n<p>I w\u0142a\u015bnie to czyni t\u0105 gr\u0119 wyj\u0105tkow\u0105 dla naszego dzieci\u0144stwa lub nawet wczesnej doros\u0142o\u015bci. W przeciwie\u0144stwie do wi\u0119kszo\u015bci gier RTS, Colobot nie wymaga taktyki, lecz nadal potrzebne jest <strong>my\u015blenie<\/strong>. Dodatkow\u0105 r\u00f3\u017cnic\u0105 jest fakt, \u017ce nie kontrolujemy gry przy pomocy kamery &#8222;boga&#8221; widz\u0105c wszystko z g\u00f3ry, lecz osobno <strong>kontrolujemy ka\u017cd\u0105 jednostk\u0119<\/strong>, kt\u00f3r\u0105 wytworzymy b\u0105d\u017a znajdziemy. To m\u00f3g\u0142by by\u0107 problem &#8211; brak mo\u017cliwo\u015bci kontrolowania dw\u00f3ch jednostek na raz &#8211; ale tutaj pojawia si\u0119 kolejna nowo\u015b\u0107. Colobot posiada w\u0142asny spos\u00f3b na <strong>programowanie robot\u00f3w<\/strong>, co jest ca\u0142kowicie wykorzystywane przez gracza przy pomocy j\u0119zyka <strong>CBOT<\/strong>, razem ze wskaz\u00f3wkami i trikami z pomocnego systemu <strong>SatCom<\/strong>. Programowanie robot\u00f3w jest podobne do pisania brutalnego kodu w\u0142a\u015bciwego programu, co oznacza, \u017ce wymagana jest mieszanka \u015bcis\u0142ego my\u015blenia ze szczypt\u0105 wyobra\u017ani.<\/p>\n<p>Jednak, je\u015bli chcesz, mo\u017cesz gra\u0107 bez programowania robot\u00f3w. Wszystko zale\u017cy od Ciebie!<\/p>\n<p>Colobot zdoby\u0142 adnotacje i nagrody za jego mo\u017cliwo\u015bci edukacyjne &#8211; uczenia nastolatk\u00f3w podstaw algorytmiki i komend podobnych do tych z <strong>C++<\/strong> i <strong>Javy<\/strong>. Po odwa\u017cnej pro\u015bbie Polskiej Spo\u0142eczno\u015bci <strong>EPSITEC<\/strong> dostarczy\u0142 kod \u017ar\u00f3d\u0142owy na <a href=\"http:\/\/colobot.info\/pl\/license\/\">licencji <strong>GNU GPLv3<\/strong><\/a> i pozwoli\u0142 spo\u0142eczno\u015bci na u\u017cycie nazwy &#8222;Colobot&#8221; w ich nadchodz\u0105cych <strong>projektach<\/strong>.<\/p>\n<p><strong>Witaj na Nowej Ziemi, Colonizuj z Botami!<\/strong><\/p>\n<p>Zobacz r\u00f3wnie\u017c:<\/p>\n<ul>\n<li><a href=\"http:\/\/colobot.info\/pl\/terranovateam\/\">TerranovaTeam<\/a><\/li>\n<li><a href=\"http:\/\/colobot.info\/pl\/icc\/\">International Colobot Community<\/a><\/li>\n<li><a href=\"http:\/\/colobot.info\/pl\/colobot-gold-edition\/\">Colobot: Gold Edition<\/a><\/li>\n<\/ul>\n<p><\/p>","protected":false},"excerpt":{"rendered":"<p><strong><a href=\"http:\/\/colobot.info\/pl\/colobot\" title=\"Colobot\">Colobot<\/a><\/strong> to strategia czasu rzeczywistego. Chocia\u017c ni\u0105 nie jest&#8230;<\/p>\n<p>I w\u0142a\u015bnie to czyni t\u0105 gr\u0119 wyj\u0105tkow\u0105 dla naszego dzieci\u0144stwa lub nawet wczesnej doros\u0142o\u015bci. W przeciwie\u0144stwie do wi\u0119kszo\u015bci gier RTS, Colobot nie wymaga taktyki, lecz nadal potrzebne jest <strong>my\u015blenie<\/strong>. Dodatkow\u0105 r\u00f3\u017cnic\u0105 jest fakt, \u017ce nie kontrolujemy gry przy pomocy kamery &#8222;boga&#8221; widz\u0105c wszystko z g\u00f3ry, lecz osobno <strong>kontrolujemy ka\u017cd\u0105 jednostk\u0119<\/strong>, kt\u00f3r\u0105 wytworzymy b\u0105d\u017a znajdziemy. To m\u00f3g\u0142by by\u0107 problem &#8211; brak mo\u017cliwo\u015bci kontrolowania dw\u00f3ch jednostek na raz &#8211; ale tutaj pojawia si\u0119 kolejna nowo\u015b\u0107. Colobot posiada w\u0142asny spos\u00f3b na <strong>programowanie robot\u00f3w<\/strong>, co jest ca\u0142kowicie wykorzystywane przez gracza przy pomocy j\u0119zyka <strong>CBOT<\/strong>, razem ze wskaz\u00f3wkami i trikami z pomocnego systemu <strong>SatCom<\/strong>. Programowanie robot\u00f3w jest podobne do pisania brutalnego kodu w\u0142a\u015bciwego programu, co oznacza, \u017ce wymagana jest mieszanka \u015bcis\u0142ego my\u015blenia ze szczypt\u0105 wyobra\u017ani.<\/p>\n<p>Jednak, je\u015bli chcesz, mo\u017cesz gra\u0107 bez programowania robot\u00f3w. Wszystko zale\u017cy od Ciebie!<\/p>\n<p>Colobot zdoby\u0142 adnotacje i nagrody za jego mo\u017cliwo\u015bci edukacyjne &#8211; uczenia nastolatk\u00f3w podstaw algorytmiki i komend podobnych do tych z <strong>C++<\/strong> i <strong>Javy<\/strong>. Po odwa\u017cnej pro\u015bbie Polskiej Spo\u0142eczno\u015bci <strong>EPSITEC<\/strong> dostarczy\u0142 kod \u017ar\u00f3d\u0142owy na <a href=\"http:\/\/colobot.info\/pl\/license\/\">licencji <strong>GNU GPLv3<\/strong><\/a> i pozwoli\u0142 spo\u0142eczno\u015bci na u\u017cycie nazwy &#8222;Colobot&#8221; w ich nadchodz\u0105cych <strong>projektach<\/strong>.<\/p>\n<p><strong>Witaj na Nowej Ziemi, Colonizuj z Botami!<\/strong><\/p>\n<p>Zobacz r\u00f3wnie\u017c:<\/p>\n<ul>\n<li><a href=\"http:\/\/colobot.info\/pl\/terranovateam\/\">TerranovaTeam<\/a><\/li>\n<li><a href=\"http:\/\/colobot.info\/pl\/icc\/\">International Colobot Community<\/a><\/li>\n<li><a href=\"http:\/\/colobot.info\/pl\/colobot-gold-edition\/\">Colobot: Gold Edition<\/a><\/li>\n<\/ul>\n","protected":false},"author":1,"featured_media":0,"parent":0,"menu_order":1,"comment_status":"open","ping_status":"open","template":"","meta":{"cybocfi_hide_featured_image":"","footnotes":""},"class_list":["post-2","page","type-page","status-publish","hentry"],"_links":{"self":[{"href":"https:\/\/colobot.info\/pl\/wp-json\/wp\/v2\/pages\/2","targetHints":{"allow":["GET"]}}],"collection":[{"href":"https:\/\/colobot.info\/pl\/wp-json\/wp\/v2\/pages"}],"about":[{"href":"https:\/\/colobot.info\/pl\/wp-json\/wp\/v2\/types\/page"}],"author":[{"embeddable":true,"href":"https:\/\/colobot.info\/pl\/wp-json\/wp\/v2\/users\/1"}],"replies":[{"embeddable":true,"href":"https:\/\/colobot.info\/pl\/wp-json\/wp\/v2\/comments?post=2"}],"version-history":[{"count":20,"href":"https:\/\/colobot.info\/pl\/wp-json\/wp\/v2\/pages\/2\/revisions"}],"predecessor-version":[{"id":342,"href":"https:\/\/colobot.info\/pl\/wp-json\/wp\/v2\/pages\/2\/revisions\/342"}],"wp:attachment":[{"href":"https:\/\/colobot.info\/pl\/wp-json\/wp\/v2\/media?parent=2"}],"curies":[{"name":"wp","href":"https:\/\/api.w.org\/{rel}","templated":true}]}}