{"id":225,"date":"2014-11-08T19:29:06","date_gmt":"2014-11-08T18:29:06","guid":{"rendered":"http:\/\/colobot.info\/pl\/?page_id=225"},"modified":"2023-10-30T00:03:35","modified_gmt":"2023-10-29T23:03:35","slug":"donate","status":"publish","type":"page","link":"https:\/\/colobot.info\/pl\/donate\/","title":{"rendered":"Przeka\u017c dotacj\u0119"},"content":{"rendered":"<p>Mo\u017cesz przekaza\u0107 dotacj\u0119 przez PayPal lub Bitcoin<\/p>\n<table style=\"width: 100%; text-align: center;\">\n<tbody>\n<tr>\n<th>PayPal<\/th>\n<th>Bitcoin<\/th>\n<\/tr>\n<tr>\n<td>\n<form action=\"https:\/\/www.paypal.com\/cgi-bin\/webscr\" method=\"post\" target=\"_top\"><input name=\"cmd\" type=\"hidden\" value=\"_s-xclick\" \/><input name=\"hosted_button_id\" type=\"hidden\" value=\"PGF7NWQ6NYCF8\" \/><input name=\"submit\" src=\"https:\/\/www.paypalobjects.com\/pl_PL\/PL\/i\/btn\/btn_donate_LG.gif\" type=\"image\" \/><img loading=\"lazy\" decoding=\"async\" src=\"https:\/\/www.paypalobjects.com\/pl_PL\/i\/scr\/pixel.gif\" alt=\"\" width=\"1\" height=\"1\" border=\"0\" \/><\/form>\n<\/td>\n<td>1EAiRG5jzECmLPJdofMB7gJ6nakcTgsR8k<\/td>\n<\/tr>\n<\/tbody>\n<\/table>\n<p><\/p>","protected":false},"excerpt":{"rendered":"<p>Mo\u017cesz przekaza\u0107 dotacj\u0119 przez PayPal lub Bitcoin<\/p>\n<table style=\"width: 100%; text-align: center;\">\n<tbody>\n<tr>\n<th>PayPal<\/th>\n<th>Bitcoin<\/th>\n<\/tr>\n<tr>\n<td>\n<form action=\"https:\/\/www.paypal.com\/cgi-bin\/webscr\" method=\"post\" target=\"_top\"><input name=\"cmd\" type=\"hidden\" value=\"_s-xclick\" \/><input name=\"hosted_button_id\" type=\"hidden\" value=\"PGF7NWQ6NYCF8\" \/><input name=\"submit\" src=\"https:\/\/www.paypalobjects.com\/pl_PL\/PL\/i\/btn\/btn_donate_LG.gif\" type=\"image\" \/><img loading=\"lazy\" decoding=\"async\" src=\"https:\/\/www.paypalobjects.com\/pl_PL\/i\/scr\/pixel.gif\" alt=\"\" width=\"1\" height=\"1\" border=\"0\" \/><\/form>\n<\/td>\n<td>1EAiRG5jzECmLPJdofMB7gJ6nakcTgsR8k<\/td>\n<\/tr>\n<\/tbody>\n<\/table>\n","protected":false},"author":1,"featured_media":0,"parent":0,"menu_order":0,"comment_status":"open","ping_status":"open","template":"","meta":{"cybocfi_hide_featured_image":"","footnotes":""},"class_list":["post-225","page","type-page","status-publish","hentry"],"_links":{"self":[{"href":"https:\/\/colobot.info\/pl\/wp-json\/wp\/v2\/pages\/225","targetHints":{"allow":["GET"]}}],"collection":[{"href":"https:\/\/colobot.info\/pl\/wp-json\/wp\/v2\/pages"}],"about":[{"href":"https:\/\/colobot.info\/pl\/wp-json\/wp\/v2\/types\/page"}],"author":[{"embeddable":true,"href":"https:\/\/colobot.info\/pl\/wp-json\/wp\/v2\/users\/1"}],"replies":[{"embeddable":true,"href":"https:\/\/colobot.info\/pl\/wp-json\/wp\/v2\/comments?post=225"}],"version-history":[{"count":14,"href":"https:\/\/colobot.info\/pl\/wp-json\/wp\/v2\/pages\/225\/revisions"}],"predecessor-version":[{"id":820,"href":"https:\/\/colobot.info\/pl\/wp-json\/wp\/v2\/pages\/225\/revisions\/820"}],"wp:attachment":[{"href":"https:\/\/colobot.info\/pl\/wp-json\/wp\/v2\/media?parent=225"}],"curies":[{"name":"wp","href":"https:\/\/api.w.org\/{rel}","templated":true}]}}