{"id":269,"date":"2015-07-22T18:56:15","date_gmt":"2015-07-22T16:56:15","guid":{"rendered":"http:\/\/colobot.info\/?page_id=269"},"modified":"2019-02-26T13:59:01","modified_gmt":"2019-02-26T12:59:01","slug":"contact","status":"publish","type":"page","link":"https:\/\/colobot.info\/pl\/kontakt\/","title":{"rendered":"Kontakt"},"content":{"rendered":"<p>Znalaz\u0142e\u015b b\u0142\u0105d? Masz ciekawy pomys\u0142 do Colobot: Gold Edition? A mo\u017ce po prostu chcesz porozmawia\u0107? Tu znajdziesz informacje jak si\u0119 z nami skontaktowa\u0107!<\/p>\n<p>&#8230;zaczekaj!<\/p>\n<h2>Zanim zg\u0142osisz <strong>problem<\/strong>:<\/h2>\n<ol>\n<li><strong>Upewnij si\u0119, \u017ce masz <span style=\"color:#FF8C00;\"><u>najnowsz\u0105<\/u><\/span> <span style=\"color:#FF0000;\"><u>dewelopersk\u0105<\/u><\/span> <a href=\"http:\/\/compiled.colobot.info\/\">kompilacj\u0119 Colobot: Gold Edition<\/a>.<\/strong> Istnieje du\u017ce prawdopodobie\u0144stwo, \u017ce problem zosta\u0142 ju\u017c naprawiony. Je\u015bli masz gr\u0119 z innego \u017ar\u00f3d\u0142a ni\u017c nasza strona, to prawdopodobnie masz stabiln\u0105, oficjaln\u0105 wersj\u0119 gry (z ga\u0142\u0119zi &#8222;master&#8221;), kt\u00f3ra prawie zawsze jest ju\u017c stara z perspektywy tw\u00f3rc\u00f3w gry.<\/li>\n<li><strong>Zg\u0142o\u015b problem na <a href=\"https:\/\/github.com\/colobot\/colobot\/issues\">GitHubie<\/a>.<\/strong> U\u017cyj innej formy kontaktu z nami tylko w ostateczno\u015bci, w tej kolejno\u015bci: Discord, Subreddit, ModDB, e-mail.<\/li>\n<li><strong>Zawsze dok\u0142adnie sprawdzaj <a href=\"https:\/\/github.com\/colobot\/colobot\/issues\">list\u0119 problem\u00f3w na GitHubie<\/a> zanim cokolwiek zg\u0142osisz.<\/strong>\n<ul>\n<li>Problem <u>ju\u017c m\u00f3g\u0142 zosta\u0107 zg\u0142oszony<\/u>, wi\u0119c ze zrobienia tego drugi raz wyniknie tylko niepotrzebny ba\u0142agan. Je\u015bli masz dodatkowe, przydatne informacje na temat problemu, to napisz to w odpowiedniej sekcji komentarzy.<\/li>\n<li>Je\u015bli z jakiego\u015b powodu nie jeste\u015b w stanie zdoby\u0107 najnowszej deweloperskiej kompilacji, to sprawd\u017a r\u00f3wnie\u017c <u>zamkni\u0119te<\/u> zg\u0142oszenia. Problem m\u00f3g\u0142 ju\u017c nie tylko zosta\u0107 zg\u0142oszony, ale r\u00f3wnie\u017c <u>naprawiony<\/u>.<\/li>\n<\/ul>\n<\/li>\n<li><strong>Jeden problem w jednym zg\u0142oszeniu.<\/strong> Je\u015bli masz wi\u0119cej do zaraportowania, to po prostu napisz wi\u0119cej zg\u0142osze\u0144.<\/li>\n<li>Pisz kr\u00f3tko, sp\u00f3jnie i na temat. Podaj jak najwi\u0119cej informacji, kt\u00f3re uwa\u017casz za przydatne, nie mniej, nie wi\u0119cej. Przede wszystkim napisz <strong>jak zreprodukowa\u0107 problem i skopiuj dziennik (w pliku log.txt) z gry.<\/strong><\/li>\n<\/ol>\n<h2>Zanim zaproponujesz nowy <strong>pomys\u0142<\/strong>:<\/h2>\n<ol>\n<li>Pami\u0119taj, \u017ce <a href=\"https:\/\/colobot.info\/colobot-gold-edition\/\"><strong><span style=\"color:#DAA520;\">Colobot: Gold Edition<\/span><\/strong><\/a> to <strong>tylko ulepszona wersja gry<\/strong>. Du\u017ce zmiany w mechanice, grafice, silniku lub fabule z pewno\u015bci\u0105 nie b\u0119d\u0105 nawet brane pod uwag\u0119 na chwil\u0119 obecn\u0105. Je\u015bli masz pomys\u0142 na <span style=\"color:#8B4513;\">nast\u0119pn\u0105 cz\u0119\u015b\u0107 Colobota<\/span>, to wiedz, \u017ce du\u017co ludzi ju\u017c ma swoje w\u0142asne wizje odno\u015bnie przysz\u0142ej gry, ale dyskusje na ich temat s\u0105 generalnie bezcelowe, gdy\u017c prace nad drug\u0105 cz\u0119\u015bci\u0105 raczej si\u0119 nie zaczn\u0105 dop\u00f3ki GOLD nie osi\u0105gnie ostatniego kamienia milowego, co prawdopodobnie zajmie co najmniej kilka lat.<\/li>\n<li><strong>Upewnij si\u0119, \u017ce nikt wcze\u015bniej nie mia\u0142 podobnej propozycji.<\/strong> Sprawd\u017a <a href=\"https:\/\/github.com\/colobot\/colobot\/issues?q=is%3Aopen+is%3Aissue+label%3Aproposal\">list\u0119 na GitHubie<\/a> z etykietami &quot;proposal&quot;, &quot;enhancement&quot; lub &quot;accepted&quot;.<\/li>\n<li>Pomys\u0142y s\u0105 zwykle warte <u>dyskusji<\/u>, wi\u0119c <strong>najlepiej je przedstawi\u0107 na Discordzie<\/strong>. Ewentualnie mo\u017cesz to zrobi\u0107 przez <a href=\"https:\/\/github.com\/colobot\/colobot\/issues?q=is%3Aopen+is%3Aissue+label%3Aproposal\">zg\u0142oszenie na GitHubie<\/a>. E-mail z opisanym pomys\u0142em nie jest najlepszym sposobem na przedstawienie swojego pomys\u0142u, je\u017celi traktujesz spraw\u0119 powa\u017cnie.<\/li>\n<li>Sam pomys\u0142 jest nic nie warty, je\u015bli jest niemo\u017cliwy w realizacji. Wszyscy maj\u0105 miliony pomys\u0142\u00f3w, jednak tylko kilka z nich okazuje si\u0119 dobrymi. <strong>Dobrze przemy\u015bl sw\u00f3j pomys\u0142 i opisz go najlepiej jak potrafisz.<\/strong> Wyobra\u017a sobie, \u017ce pr\u00f3bujesz <u>sprzeda\u0107<\/u> sw\u00f3j pomys\u0142 pewnym przedsi\u0119biorcom. Upewnij si\u0119, \u017ce ci przedsi\u0119biorcy (spo\u0142eczno\u015b\u0107) nie zignoruj\u0105 ci\u0119 i nie wy\u015bmiej\u0105.<\/li>\n<li><strong>Skup si\u0119 na jednym koncepcie jednocze\u015bnie.<\/strong> Mieszanie kilku pomys\u0142\u00f3w w jednym temacie \/ zg\u0142oszeniu wprawi tylko wszystkich w <u>zak\u0142opotanie<\/u> i zrobi <u>ba\u0142agan<\/u> w d\u0142u\u017cszym okresie czasu.<\/li>\n<\/ol>\n<p><strong>E-mail: <a href=\"mailto:contact@colobot.info\">contact@colobot.info<\/a><\/strong><br \/>\n<strong>Lista problem\u00f3w na GitHubie:<\/strong> <a href=\"https:\/\/github.com\/colobot\/colobot\/issues\">https:\/\/github.com\/colobot\/colobot\/issues<\/a><br \/>\n<strong>Discord server: <\/strong> <a href=\"https:\/\/discord.gg\/56Fm9kb\">https:\/\/discord.gg\/56Fm9kb<\/a><br \/>\n<strong>Subreddit: <\/strong> <a href=\"http:\/\/reddit.com\/r\/Colobot\">http:\/\/reddit.com\/r\/Colobot<\/a><br \/>\n<strong>Podstrona na ModDB: <\/strong> <a href=\"https:\/\/www.moddb.com\/games\/colobot-gold-edition\">https:\/\/www.moddb.com\/games\/colobot-gold-edition<\/a><\/p>","protected":false},"excerpt":{"rendered":"<p>Znalaz\u0142e\u015b b\u0142\u0105d? Masz ciekawy pomys\u0142 do Colobot: Gold Edition? A mo\u017ce po prostu chcesz porozmawia\u0107? Tu znajdziesz informacje jak si\u0119 z nami skontaktowa\u0107!<\/p>\n<p>&#8230;zaczekaj!<\/p>\n<h2>Zanim zg\u0142osisz <strong>problem<\/strong>:<\/h2>\n<ol>\n<li><strong>Upewnij si\u0119, \u017ce masz <span style=\"color:#FF8C00;\"><u>najnowsz\u0105<\/u><\/span> <span style=\"color:#FF0000;\"><u>dewelopersk\u0105<\/u><\/span> <a href=\"http:\/\/compiled.colobot.info\/\">kompilacj\u0119 Colobot: Gold Edition<\/a>.<\/strong> Istnieje du\u017ce prawdopodobie\u0144stwo, \u017ce problem zosta\u0142 ju\u017c naprawiony. Je\u015bli masz gr\u0119 z innego \u017ar\u00f3d\u0142a ni\u017c nasza strona, to prawdopodobnie masz stabiln\u0105, oficjaln\u0105 wersj\u0119 gry (z ga\u0142\u0119zi &#8222;master&#8221;), kt\u00f3ra prawie zawsze jest ju\u017c stara z perspektywy tw\u00f3rc\u00f3w gry.<\/li>\n<li><strong>Zg\u0142o\u015b problem na <a href=\"https:\/\/github.com\/colobot\/colobot\/issues\">GitHubie<\/a>.<\/strong> U\u017cyj innej formy kontaktu z nami tylko w ostateczno\u015bci, w tej kolejno\u015bci: Discord, Subreddit, ModDB, e-mail.<\/li>\n<li><strong>Zawsze dok\u0142adnie sprawdzaj <a href=\"https:\/\/github.com\/colobot\/colobot\/issues\">list\u0119 problem\u00f3w na GitHubie<\/a> zanim cokolwiek zg\u0142osisz.<\/strong>\n<ul>\n<li>Problem <u>ju\u017c m\u00f3g\u0142 zosta\u0107 zg\u0142oszony<\/u>, wi\u0119c ze zrobienia tego drugi raz wyniknie tylko niepotrzebny ba\u0142agan. Je\u015bli masz dodatkowe, przydatne informacje na temat problemu, to napisz to w odpowiedniej sekcji komentarzy.<\/li>\n<li>Je\u015bli z jakiego\u015b powodu nie jeste\u015b w stanie zdoby\u0107 najnowszej deweloperskiej kompilacji, to sprawd\u017a r\u00f3wnie\u017c <u>zamkni\u0119te<\/u> zg\u0142oszenia. Problem m\u00f3g\u0142 ju\u017c nie tylko zosta\u0107 zg\u0142oszony, ale r\u00f3wnie\u017c <u>naprawiony<\/u>.<\/li>\n<\/ul>\n<\/li>\n<li><strong>Jeden problem w jednym zg\u0142oszeniu.<\/strong> Je\u015bli masz wi\u0119cej do zaraportowania, to po prostu napisz wi\u0119cej zg\u0142osze\u0144.<\/li>\n<li>Pisz kr\u00f3tko, sp\u00f3jnie i na temat. Podaj jak najwi\u0119cej informacji, kt\u00f3re uwa\u017casz za przydatne, nie mniej, nie wi\u0119cej. Przede wszystkim napisz <strong>jak zreprodukowa\u0107 problem i skopiuj dziennik (w pliku log.txt) z gry.<\/strong><\/li>\n<\/ol>\n<h2>Zanim zaproponujesz nowy <strong>pomys\u0142<\/strong>:<\/h2>\n<ol>\n<li>Pami\u0119taj, \u017ce <a href=\"https:\/\/colobot.info\/colobot-gold-edition\/\"><strong><span style=\"color:#DAA520;\">Colobot: Gold Edition<\/span><\/strong><\/a> to <strong>tylko ulepszona wersja gry<\/strong>. Du\u017ce zmiany w mechanice, grafice, silniku lub fabule z pewno\u015bci\u0105 nie b\u0119d\u0105 nawet brane pod uwag\u0119 na chwil\u0119 obecn\u0105. Je\u015bli masz pomys\u0142 na <span style=\"color:#8B4513;\">nast\u0119pn\u0105 cz\u0119\u015b\u0107 Colobota<\/span>, to wiedz, \u017ce du\u017co ludzi ju\u017c ma swoje w\u0142asne wizje odno\u015bnie przysz\u0142ej gry, ale dyskusje na ich temat s\u0105 generalnie bezcelowe, gdy\u017c prace nad drug\u0105 cz\u0119\u015bci\u0105 raczej si\u0119 nie zaczn\u0105 dop\u00f3ki GOLD nie osi\u0105gnie ostatniego kamienia milowego, co prawdopodobnie zajmie co najmniej kilka lat.<\/li>\n<li><strong>Upewnij si\u0119, \u017ce nikt wcze\u015bniej nie mia\u0142 podobnej propozycji.<\/strong> Sprawd\u017a <a href=\"https:\/\/github.com\/colobot\/colobot\/issues?q=is%3Aopen+is%3Aissue+label%3Aproposal\">list\u0119 na GitHubie<\/a> z etykietami &quot;proposal&quot;, &quot;enhancement&quot; lub &quot;accepted&quot;.<\/li>\n<li>Pomys\u0142y s\u0105 zwykle warte <u>dyskusji<\/u>, wi\u0119c <strong>najlepiej je przedstawi\u0107 na Discordzie<\/strong>. Ewentualnie mo\u017cesz to zrobi\u0107 przez <a href=\"https:\/\/github.com\/colobot\/colobot\/issues?q=is%3Aopen+is%3Aissue+label%3Aproposal\">zg\u0142oszenie na GitHubie<\/a>. E-mail z opisanym pomys\u0142em nie jest najlepszym sposobem na przedstawienie swojego pomys\u0142u, je\u017celi traktujesz spraw\u0119 powa\u017cnie.<\/li>\n<li>Sam pomys\u0142 jest nic nie warty, je\u015bli jest niemo\u017cliwy w realizacji. Wszyscy maj\u0105 miliony pomys\u0142\u00f3w, jednak tylko kilka z nich okazuje si\u0119 dobrymi. <strong>Dobrze przemy\u015bl sw\u00f3j pomys\u0142 i opisz go najlepiej jak potrafisz.<\/strong> Wyobra\u017a sobie, \u017ce pr\u00f3bujesz <u>sprzeda\u0107<\/u> sw\u00f3j pomys\u0142 pewnym przedsi\u0119biorcom. Upewnij si\u0119, \u017ce ci przedsi\u0119biorcy (spo\u0142eczno\u015b\u0107) nie zignoruj\u0105 ci\u0119 i nie wy\u015bmiej\u0105.<\/li>\n<li><strong>Skup si\u0119 na jednym koncepcie jednocze\u015bnie.<\/strong> Mieszanie kilku pomys\u0142\u00f3w w jednym temacie \/ zg\u0142oszeniu wprawi tylko wszystkich w <u>zak\u0142opotanie<\/u> i zrobi <u>ba\u0142agan<\/u> w d\u0142u\u017cszym okresie czasu.<\/li>\n<\/ol>\n<p><strong>E-mail: <a href=\"mailto:contact@colobot.info\">contact@colobot.info<\/a><\/strong><br \/>\n<strong>Lista problem\u00f3w na GitHubie:<\/strong> <a href=\"https:\/\/github.com\/colobot\/colobot\/issues\">https:\/\/github.com\/colobot\/colobot\/issues<\/a><br \/>\n<strong>Discord server: <\/strong> <a href=\"https:\/\/discord.gg\/56Fm9kb\">https:\/\/discord.gg\/56Fm9kb<\/a><br \/>\n<strong>Subreddit: <\/strong> <a href=\"http:\/\/reddit.com\/r\/Colobot\">http:\/\/reddit.com\/r\/Colobot<\/a><br \/>\n<strong>Podstrona na ModDB: <\/strong> <a href=\"https:\/\/www.moddb.com\/games\/colobot-gold-edition\">https:\/\/www.moddb.com\/games\/colobot-gold-edition<\/a><\/p>\n","protected":false},"author":1,"featured_media":0,"parent":0,"menu_order":0,"comment_status":"open","ping_status":"open","template":"","meta":{"cybocfi_hide_featured_image":"","footnotes":""},"class_list":["post-269","page","type-page","status-publish","hentry"],"_links":{"self":[{"href":"https:\/\/colobot.info\/pl\/wp-json\/wp\/v2\/pages\/269","targetHints":{"allow":["GET"]}}],"collection":[{"href":"https:\/\/colobot.info\/pl\/wp-json\/wp\/v2\/pages"}],"about":[{"href":"https:\/\/colobot.info\/pl\/wp-json\/wp\/v2\/types\/page"}],"author":[{"embeddable":true,"href":"https:\/\/colobot.info\/pl\/wp-json\/wp\/v2\/users\/1"}],"replies":[{"embeddable":true,"href":"https:\/\/colobot.info\/pl\/wp-json\/wp\/v2\/comments?post=269"}],"version-history":[{"count":15,"href":"https:\/\/colobot.info\/pl\/wp-json\/wp\/v2\/pages\/269\/revisions"}],"predecessor-version":[{"id":651,"href":"https:\/\/colobot.info\/pl\/wp-json\/wp\/v2\/pages\/269\/revisions\/651"}],"wp:attachment":[{"href":"https:\/\/colobot.info\/pl\/wp-json\/wp\/v2\/media?parent=269"}],"curies":[{"name":"wp","href":"https:\/\/api.w.org\/{rel}","templated":true}]}}