{"id":94,"date":"2014-10-24T23:09:57","date_gmt":"2014-10-24T21:09:57","guid":{"rendered":"http:\/\/colobot.info\/wordpress\/?page_id=94"},"modified":"2023-05-24T19:52:31","modified_gmt":"2023-05-24T17:52:31","slug":"icc","status":"publish","type":"page","link":"https:\/\/colobot.info\/pl\/icc-international-colobot-community\/","title":{"rendered":"ICC &#8211; International Colobot Community"},"content":{"rendered":"<p><img loading=\"lazy\" decoding=\"async\" class=\"aligncenter size-full wp-image-123\" src=\"http:\/\/colobot.info\/wordpress\/wp-content\/uploads\/ICC-MainLogo.png\" alt=\"ICC-MainLogo\" width=\"128\" height=\"128\" srcset=\"https:\/\/colobot.info\/wordpress\/wp-content\/uploads\/ICC-MainLogo.png 512w, https:\/\/colobot.info\/wordpress\/wp-content\/uploads\/ICC-MainLogo-150x150.png 150w, https:\/\/colobot.info\/wordpress\/wp-content\/uploads\/ICC-MainLogo-300x300.png 300w\" sizes=\"auto, (max-width: 128px) 100vw, 128px\" \/><\/p>\n<p><strong>International Colobot Community<\/strong> to grupa fan\u00f3w Colobota pochodz\u0105cych z r\u00f3\u017cnych kra\u0144c\u00f3w \u015bwiata. Nale\u017cy do niej ka\u017cda osoba zarejestrowana na forum, aktywna na naszym Discordzie, kana\u0142ach IRC lub kontach spo\u0142eczno\u015bciowych utrzymywanych przez TerranovaTeam.<\/p>\n<p><strong>ICC<\/strong> by\u0142o kiedy\u015b nazywane <strong>Polskim Portalem Colobota (PPC)<\/strong>. Faktycznie, zacz\u0119\u0142o si\u0119 od ma\u0142ego portalu utworzonego przez WRIMa (aka <em>COLOBOT<\/em>) w 2008 roku, gdzie mo\u017cna by\u0142o znale\u017a\u0107 wiadomo\u015bci o grze i mn\u00f3stwo przydatnej tre\u015bci tworzonej przez fan\u00f3w (takiej jak poziomy u\u017cytkownika, galeria zdj\u0119\u0107 lub baza kod\u00f3w dost\u0119pnych w grze). Najwa\u017cniejsz\u0105 cz\u0119\u015bci\u0105 strony by\u0142o forum, gdzie ludzie hakowali gr\u0119, odkrywali sekrety legendarnej pracy EPSITEC i marzyli o przysz\u0142o\u015bci. Niekt\u00f3rzy u\u017cytkownicy nawet podj\u0119li si\u0119 pr\u00f3by stworzenia projektu niezale\u017cnego remake&#8217;a.<\/p>\n<p>Tak jak to si\u0119 zdarza w wi\u0119kszo\u015bci historii, jednego dnia sytuacja spo\u0142eczno\u015bci przyj\u0119\u0142a drastyczny obr\u00f3t. W 2012 roku polskim fanom uda\u0142o si\u0119 skontaktowa\u0107 z tw\u00f3rcami oryginalnej gry, a wynik tego przedsi\u0119wzi\u0119cia przekroczy\u0142 ich naj\u015bmielsze oczekiwania. Kod \u017ar\u00f3d\u0142owy gry zosta\u0142 wydany na otwartej licencji, a pozwolenie na u\u017cycie nazwy \u201eColobot\u201d zosta\u0142o przyznane PPC. M\u00f3wimy o tym dniu jako najlepszym i najwa\u017cniejszym w ca\u0142ej historii Colobota.<\/p>\n<p>Zaraz po tym rozpocz\u0119to pracowa\u0107 nad ulepszon\u0105 wersj\u0105 gry, kt\u00f3r\u0105 nazwali\u015bmy <strong><a href=\"http:\/\/colobot.info\/wordpress\/pl\/colobot-gold-edition\/\">Colobot: Gold Edition<\/a><\/strong>. Strona internetowa zosta\u0142a przeniesiona na nowy serwer i domen\u0119. Fani zdecydowali si\u0119 zacz\u0105\u0107 od zera i wzi\u0119li si\u0119 za projekt na powa\u017cnie. Ku ich zaskoczeniu, bardzo wiele os\u00f3b pojawi\u0142o si\u0119, by pom\u00f3c.<\/p>\n<p>W 2014 roku nazwa spo\u0142eczno\u015bci zmieni\u0142a si\u0119 na <strong>International Colobot Community<\/strong>, gdy\u017c nie sk\u0142ada\u0142a si\u0119 ona ju\u017c tylko z polskich fan\u00f3w. Tw\u00f3rcy zostali wtedy tak\u017ce oddzieleni od spo\u0142eczno\u015bci i utworzyli grup\u0119 <strong>TerranovaTeam<\/strong>.<\/p>\n<p>Stara strona wci\u0105\u017c dzia\u0142a, ale jest martwa. Mo\u017cesz j\u0105 zobaczy\u0107 odwiedzaj\u0105c <a href=\"http:\/\/colobot.cba.pl\/\">colobot.cba.pl<\/a>.<\/p>\n<p>Mamy nadziej\u0119, \u017ce staniesz si\u0119 cz\u0119\u015bci\u0105 tej spo\u0142eczno\u015bci. Mo\u017cesz tak\u017ce pom\u00f3c przy tworzeniu nowych projekt\u00f3w powi\u0105zanych z Colobotem. Zajrzyj na <a href=\"http:\/\/colobot.info\/wordpress\/pl\/terranovateam\/\">podstron\u0119 po\u015bwi\u0119con\u0105 TerranovaTeam<\/a>, aby uzyska\u0107 wi\u0119cej informacji.<\/p>","protected":false},"excerpt":{"rendered":"<p><img loading=\"lazy\" decoding=\"async\" class=\"aligncenter size-full wp-image-123\" src=\"http:\/\/colobot.info\/wordpress\/wp-content\/uploads\/ICC-MainLogo.png\" alt=\"ICC-MainLogo\" width=\"128\" height=\"128\" srcset=\"https:\/\/colobot.info\/wordpress\/wp-content\/uploads\/ICC-MainLogo.png 512w, https:\/\/colobot.info\/wordpress\/wp-content\/uploads\/ICC-MainLogo-150x150.png 150w, https:\/\/colobot.info\/wordpress\/wp-content\/uploads\/ICC-MainLogo-300x300.png 300w\" sizes=\"auto, (max-width: 128px) 100vw, 128px\" \/><\/p>\n<p><strong>International Colobot Community<\/strong> to grupa fan\u00f3w Colobota pochodz\u0105cych z r\u00f3\u017cnych kra\u0144c\u00f3w \u015bwiata. Nale\u017cy do niej ka\u017cda osoba zarejestrowana na forum, aktywna na naszym Discordzie, kana\u0142ach IRC lub kontach spo\u0142eczno\u015bciowych utrzymywanych przez TerranovaTeam.<\/p>\n<p><strong>ICC<\/strong> by\u0142o kiedy\u015b nazywane <strong>Polskim Portalem Colobota (PPC)<\/strong>. Faktycznie, zacz\u0119\u0142o si\u0119 od ma\u0142ego portalu utworzonego przez WRIMa (aka <em>COLOBOT<\/em>) w 2008 roku, gdzie mo\u017cna by\u0142o znale\u017a\u0107 wiadomo\u015bci o grze i mn\u00f3stwo przydatnej tre\u015bci tworzonej przez fan\u00f3w (takiej jak poziomy u\u017cytkownika, galeria zdj\u0119\u0107 lub baza kod\u00f3w dost\u0119pnych w grze). Najwa\u017cniejsz\u0105 cz\u0119\u015bci\u0105 strony by\u0142o forum, gdzie ludzie hakowali gr\u0119, odkrywali sekrety legendarnej pracy EPSITEC i marzyli o przysz\u0142o\u015bci. Niekt\u00f3rzy u\u017cytkownicy nawet podj\u0119li si\u0119 pr\u00f3by stworzenia projektu niezale\u017cnego remake&#8217;a.<\/p>\n<p>Tak jak to si\u0119 zdarza w wi\u0119kszo\u015bci historii, jednego dnia sytuacja spo\u0142eczno\u015bci przyj\u0119\u0142a drastyczny obr\u00f3t. W 2012 roku polskim fanom uda\u0142o si\u0119 skontaktowa\u0107 z tw\u00f3rcami oryginalnej gry, a wynik tego przedsi\u0119wzi\u0119cia przekroczy\u0142 ich naj\u015bmielsze oczekiwania. Kod \u017ar\u00f3d\u0142owy gry zosta\u0142 wydany na otwartej licencji, a pozwolenie na u\u017cycie nazwy \u201eColobot\u201d zosta\u0142o przyznane PPC. M\u00f3wimy o tym dniu jako najlepszym i najwa\u017cniejszym w ca\u0142ej historii Colobota.<\/p>\n<p>Zaraz po tym rozpocz\u0119to pracowa\u0107 nad ulepszon\u0105 wersj\u0105 gry, kt\u00f3r\u0105 nazwali\u015bmy <strong><a href=\"http:\/\/colobot.info\/wordpress\/pl\/colobot-gold-edition\/\">Colobot: Gold Edition<\/a><\/strong>. Strona internetowa zosta\u0142a przeniesiona na nowy serwer i domen\u0119. Fani zdecydowali si\u0119 zacz\u0105\u0107 od zera i wzi\u0119li si\u0119 za projekt na powa\u017cnie. Ku ich zaskoczeniu, bardzo wiele os\u00f3b pojawi\u0142o si\u0119, by pom\u00f3c.<\/p>\n<p>W 2014 roku nazwa spo\u0142eczno\u015bci zmieni\u0142a si\u0119 na <strong>International Colobot Community<\/strong>, gdy\u017c nie sk\u0142ada\u0142a si\u0119 ona ju\u017c tylko z polskich fan\u00f3w. Tw\u00f3rcy zostali wtedy tak\u017ce oddzieleni od spo\u0142eczno\u015bci i utworzyli grup\u0119 <strong>TerranovaTeam<\/strong>.<\/p>\n<p>Stara strona wci\u0105\u017c dzia\u0142a, ale jest martwa. Mo\u017cesz j\u0105 zobaczy\u0107 odwiedzaj\u0105c <a href=\"http:\/\/colobot.cba.pl\/\">colobot.cba.pl<\/a>.<\/p>\n<p>Mamy nadziej\u0119, \u017ce staniesz si\u0119 cz\u0119\u015bci\u0105 tej spo\u0142eczno\u015bci. Mo\u017cesz tak\u017ce pom\u00f3c przy tworzeniu nowych projekt\u00f3w powi\u0105zanych z Colobotem. Zajrzyj na <a href=\"http:\/\/colobot.info\/wordpress\/pl\/terranovateam\/\">podstron\u0119 po\u015bwi\u0119con\u0105 TerranovaTeam<\/a>, aby uzyska\u0107 wi\u0119cej informacji.<\/p>\n","protected":false},"author":1,"featured_media":0,"parent":0,"menu_order":0,"comment_status":"open","ping_status":"open","template":"","meta":{"cybocfi_hide_featured_image":"","footnotes":""},"class_list":["post-94","page","type-page","status-publish","hentry"],"_links":{"self":[{"href":"https:\/\/colobot.info\/pl\/wp-json\/wp\/v2\/pages\/94","targetHints":{"allow":["GET"]}}],"collection":[{"href":"https:\/\/colobot.info\/pl\/wp-json\/wp\/v2\/pages"}],"about":[{"href":"https:\/\/colobot.info\/pl\/wp-json\/wp\/v2\/types\/page"}],"author":[{"embeddable":true,"href":"https:\/\/colobot.info\/pl\/wp-json\/wp\/v2\/users\/1"}],"replies":[{"embeddable":true,"href":"https:\/\/colobot.info\/pl\/wp-json\/wp\/v2\/comments?post=94"}],"version-history":[{"count":15,"href":"https:\/\/colobot.info\/pl\/wp-json\/wp\/v2\/pages\/94\/revisions"}],"predecessor-version":[{"id":802,"href":"https:\/\/colobot.info\/pl\/wp-json\/wp\/v2\/pages\/94\/revisions\/802"}],"wp:attachment":[{"href":"https:\/\/colobot.info\/pl\/wp-json\/wp\/v2\/media?parent=94"}],"curies":[{"name":"wp","href":"https:\/\/api.w.org\/{rel}","templated":true}]}}