{"id":96,"date":"2014-10-24T23:10:20","date_gmt":"2014-10-24T21:10:20","guid":{"rendered":"http:\/\/colobot.info\/wordpress\/?page_id=96"},"modified":"2019-02-26T15:10:44","modified_gmt":"2019-02-26T14:10:44","slug":"terranovateam","status":"publish","type":"page","link":"https:\/\/colobot.info\/pl\/terranovateam\/","title":{"rendered":"TerranovaTeam"},"content":{"rendered":"<p><center><img loading=\"lazy\" decoding=\"async\" src=\"http:\/\/colobot.info\/wordpress\/wp-content\/uploads\/TT-MainLogo.png\" alt=\"TT-MainLogo\" width=\"128\" height=\"128\" class=\"aligncenter size-full wp-image-124\" srcset=\"https:\/\/colobot.info\/wordpress\/wp-content\/uploads\/TT-MainLogo.png 512w, https:\/\/colobot.info\/wordpress\/wp-content\/uploads\/TT-MainLogo-150x150.png 150w, https:\/\/colobot.info\/wordpress\/wp-content\/uploads\/TT-MainLogo-300x300.png 300w\" sizes=\"auto, (max-width: 128px) 100vw, 128px\" \/><\/center><\/br><\/p>\n<p><strong>TerranovaTeam<\/strong> to grupa tw\u00f3rc\u00f3w, kt\u00f3ra otrzyma\u0142a kod \u017ar\u00f3d\u0142owy <a href=\"http:\/\/colobot.info\/wordpress\/pl\/learn-more\/\">oryginalnego Colobota<\/a> od <a href=\"http:\/\/www.epsitec.ch\/\">EPSITEC<\/a> i publikuje go na otwartej licnecji (<a href=\"http:\/\/www.gnu.org\/copyleft\/gpl.html\">GPL<\/a>). Aktualnie pracujemy nad <a href=\"http:\/\/colobot.info\/wordpress\/pl\/download-colobot-gold\/\">Colobot: Gold Edition<\/a> \u2013 ulepszon\u0105 wersj\u0105 gry z 2001 roku.<\/p>\n<h2>Troch\u0119 historii<\/h2>\n<p>Grupa sk\u0142ada si\u0119 g\u0142\u00f3wnie z polskich fan\u00f3w gry Colobot. Od 2008 roku <a href=\"http:\/\/colobot.cba.pl\/\">Polski Portal Colobota (PPC)<\/a> by\u0142 jedynym miejscem, gdzie mo\u017cna by\u0142o znale\u017a\u0107 ludzi kochaj\u0105cych gr\u0119 programistyczn\u0105 EPSITECa. Po 4 latach dyskusji, cz\u0142onkom PPC uda\u0142o si\u0119 skontaktowa\u0107 z oryginalnymi tw\u00f3rcami Colobota, dzi\u0119ki czemu kod \u017ar\u00f3d\u0142owy gry zosta\u0142 wydany na licencji GPL razem z przyzwoleniem na u\u017cywanie nazwy \u201eColobot\u201d przy projektach tworzonych przez spo\u0142eczno\u015b\u0107 PPC. Wtedy rozpocz\u0105\u0142 si\u0119 projekt Colobot: Gold Edition.<\/p>\n<p>W 2014 roku tw\u00f3rcy C:GE i najbardziej aktywni cz\u0142onkowie PPC zdecydowali si\u0119 zmieni\u0107 nazw\u0119 spo\u0142eczno\u015bci, aby podkre\u015bli\u0107 jej mi\u0119dzynarodowy charakter. Utworzono r\u00f3wnie\u017c TerranovaTeam jako cz\u0119\u015b\u0107 <a href=\"http:\/\/colobot.info\/wordpress\/pl\/icc\/\">International Colobot Community (ICC)<\/a>, aby oddzieli\u0107 zwyk\u0142ych fan\u00f3w od tw\u00f3rc\u00f3w gry. Mo\u017cesz przeczyta\u0107 wi\u0119cej o ICC <a href=\"http:\/\/colobot.info\/wordpress\/pl\/icc\/\">tutaj<\/a>.<\/p>\n<h2>Do\u0142\u0105czanie<\/h2>\n<p>Nie jeste\u015bmy zamkni\u0119t\u0105 spo\u0142eczno\u015bci\u0105 \u2013 ka\u017cdy mo\u017ce do nas do\u0142\u0105czy\u0107, aczkolwiek nie w spos\u00f3b, o kt\u00f3rym mog\u0142e\u015b pomy\u015ble\u0107. Nie prowadzimy \u017cadnej rekrutacji, grupa jest z\u0142o\u017cona z os\u00f3b, kt\u00f3re mia\u0142y bardzo du\u017cy wp\u0142yw na spo\u0142eczno\u015b\u0107 lub kt\u00f3ry\u015b z naszych projekt\u00f3w. To znaczy, \u017ce stajesz si\u0119 cz\u0142onkiem TerranovaTeam w odpowiednim momencie automatycznie, wi\u0119c jedyne, co musisz robi\u0107, to bycie zaanga\u017cowanym.<\/p>\n<p>Jak by\u0107 zaanga\u017cowanym? To proste! Zacznij od przeczytania strony <a href=\"https:\/\/github.com\/colobot\/colobot\/blob\/master\/CONTRIBUTING.md\">\u201eJak pom\u00f3c\u201d na GitHubie<\/a>. Mo\u017cesz na niej znale\u017a\u0107 list\u0119 aktualnych cz\u0142onk\u00f3w dru\u017cyny, sprawdzi\u0107 ich obowi\u0105zki i dowiedzie\u0107 si\u0119, co jest do zrobienia. Je\u015bli planujesz zosta\u0107 z nami d\u0142u\u017cej, to zach\u0119camy do dodania tej podstrony do zak\u0142adek, gdy\u017c b\u0119dzie ona aktualizowana bardzo cz\u0119sto i pozwala na bycie na bie\u017c\u0105co.<\/p>","protected":false},"excerpt":{"rendered":"<p><center><img loading=\"lazy\" decoding=\"async\" src=\"http:\/\/colobot.info\/wordpress\/wp-content\/uploads\/TT-MainLogo.png\" alt=\"TT-MainLogo\" width=\"128\" height=\"128\" class=\"aligncenter size-full wp-image-124\" srcset=\"https:\/\/colobot.info\/wordpress\/wp-content\/uploads\/TT-MainLogo.png 512w, https:\/\/colobot.info\/wordpress\/wp-content\/uploads\/TT-MainLogo-150x150.png 150w, https:\/\/colobot.info\/wordpress\/wp-content\/uploads\/TT-MainLogo-300x300.png 300w\" sizes=\"auto, (max-width: 128px) 100vw, 128px\" \/><\/center><\/br><\/p>\n<p><strong>TerranovaTeam<\/strong> to grupa tw\u00f3rc\u00f3w, kt\u00f3ra otrzyma\u0142a kod \u017ar\u00f3d\u0142owy <a href=\"http:\/\/colobot.info\/wordpress\/pl\/learn-more\/\">oryginalnego Colobota<\/a> od <a href=\"http:\/\/www.epsitec.ch\/\">EPSITEC<\/a> i publikuje go na otwartej licnecji (<a href=\"http:\/\/www.gnu.org\/copyleft\/gpl.html\">GPL<\/a>). Aktualnie pracujemy nad <a href=\"http:\/\/colobot.info\/wordpress\/pl\/download-colobot-gold\/\">Colobot: Gold Edition<\/a> \u2013 ulepszon\u0105 wersj\u0105 gry z 2001 roku.<\/p>\n<h2>Troch\u0119 historii<\/h2>\n<p>Grupa sk\u0142ada si\u0119 g\u0142\u00f3wnie z polskich fan\u00f3w gry Colobot. Od 2008 roku <a href=\"http:\/\/colobot.cba.pl\/\">Polski Portal Colobota (PPC)<\/a> by\u0142 jedynym miejscem, gdzie mo\u017cna by\u0142o znale\u017a\u0107 ludzi kochaj\u0105cych gr\u0119 programistyczn\u0105 EPSITECa. Po 4 latach dyskusji, cz\u0142onkom PPC uda\u0142o si\u0119 skontaktowa\u0107 z oryginalnymi tw\u00f3rcami Colobota, dzi\u0119ki czemu kod \u017ar\u00f3d\u0142owy gry zosta\u0142 wydany na licencji GPL razem z przyzwoleniem na u\u017cywanie nazwy \u201eColobot\u201d przy projektach tworzonych przez spo\u0142eczno\u015b\u0107 PPC. Wtedy rozpocz\u0105\u0142 si\u0119 projekt Colobot: Gold Edition.<\/p>\n<p>W 2014 roku tw\u00f3rcy C:GE i najbardziej aktywni cz\u0142onkowie PPC zdecydowali si\u0119 zmieni\u0107 nazw\u0119 spo\u0142eczno\u015bci, aby podkre\u015bli\u0107 jej mi\u0119dzynarodowy charakter. Utworzono r\u00f3wnie\u017c TerranovaTeam jako cz\u0119\u015b\u0107 <a href=\"http:\/\/colobot.info\/wordpress\/pl\/icc\/\">International Colobot Community (ICC)<\/a>, aby oddzieli\u0107 zwyk\u0142ych fan\u00f3w od tw\u00f3rc\u00f3w gry. Mo\u017cesz przeczyta\u0107 wi\u0119cej o ICC <a href=\"http:\/\/colobot.info\/wordpress\/pl\/icc\/\">tutaj<\/a>.<\/p>\n<h2>Do\u0142\u0105czanie<\/h2>\n<p>Nie jeste\u015bmy zamkni\u0119t\u0105 spo\u0142eczno\u015bci\u0105 \u2013 ka\u017cdy mo\u017ce do nas do\u0142\u0105czy\u0107, aczkolwiek nie w spos\u00f3b, o kt\u00f3rym mog\u0142e\u015b pomy\u015ble\u0107. Nie prowadzimy \u017cadnej rekrutacji, grupa jest z\u0142o\u017cona z os\u00f3b, kt\u00f3re mia\u0142y bardzo du\u017cy wp\u0142yw na spo\u0142eczno\u015b\u0107 lub kt\u00f3ry\u015b z naszych projekt\u00f3w. To znaczy, \u017ce stajesz si\u0119 cz\u0142onkiem TerranovaTeam w odpowiednim momencie automatycznie, wi\u0119c jedyne, co musisz robi\u0107, to bycie zaanga\u017cowanym.<\/p>\n<p>Jak by\u0107 zaanga\u017cowanym? To proste! Zacznij od przeczytania strony <a href=\"https:\/\/github.com\/colobot\/colobot\/blob\/master\/CONTRIBUTING.md\">\u201eJak pom\u00f3c\u201d na GitHubie<\/a>. Mo\u017cesz na niej znale\u017a\u0107 list\u0119 aktualnych cz\u0142onk\u00f3w dru\u017cyny, sprawdzi\u0107 ich obowi\u0105zki i dowiedzie\u0107 si\u0119, co jest do zrobienia. Je\u015bli planujesz zosta\u0107 z nami d\u0142u\u017cej, to zach\u0119camy do dodania tej podstrony do zak\u0142adek, gdy\u017c b\u0119dzie ona aktualizowana bardzo cz\u0119sto i pozwala na bycie na bie\u017c\u0105co.<\/p>\n","protected":false},"author":1,"featured_media":0,"parent":0,"menu_order":0,"comment_status":"open","ping_status":"open","template":"","meta":{"cybocfi_hide_featured_image":"","footnotes":""},"class_list":["post-96","page","type-page","status-publish","hentry"],"_links":{"self":[{"href":"https:\/\/colobot.info\/pl\/wp-json\/wp\/v2\/pages\/96","targetHints":{"allow":["GET"]}}],"collection":[{"href":"https:\/\/colobot.info\/pl\/wp-json\/wp\/v2\/pages"}],"about":[{"href":"https:\/\/colobot.info\/pl\/wp-json\/wp\/v2\/types\/page"}],"author":[{"embeddable":true,"href":"https:\/\/colobot.info\/pl\/wp-json\/wp\/v2\/users\/1"}],"replies":[{"embeddable":true,"href":"https:\/\/colobot.info\/pl\/wp-json\/wp\/v2\/comments?post=96"}],"version-history":[{"count":26,"href":"https:\/\/colobot.info\/pl\/wp-json\/wp\/v2\/pages\/96\/revisions"}],"predecessor-version":[{"id":656,"href":"https:\/\/colobot.info\/pl\/wp-json\/wp\/v2\/pages\/96\/revisions\/656"}],"wp:attachment":[{"href":"https:\/\/colobot.info\/pl\/wp-json\/wp\/v2\/media?parent=96"}],"curies":[{"name":"wp","href":"https:\/\/api.w.org\/{rel}","templated":true}]}}